{"id":7,"date":"2011-04-09T18:21:18","date_gmt":"2011-04-09T18:21:18","guid":{"rendered":"http:\/\/lavanderiaplaza.com\/web\/?page_id=7"},"modified":"2011-04-09T19:01:26","modified_gmt":"2011-04-09T19:01:26","slug":"situacion","status":"publish","type":"page","link":"http:\/\/lavanderiaplaza.com\/web\/?page_id=7","title":{"rendered":"Situaci\u00f3n"},"content":{"rendered":"<p>LAVANDER\u00cdA PLAZA ALMER\u00cdA tiene sus instalaciones en el Pol\u00edgono Industrial San Rafael, en el municipio de Hu\u00e9rcal de Almer\u00eda (provincia de Almer\u00eda), junto a la Hermandad Farmac\u00e9utica.<\/p>\n<p><a href=\"http:\/\/lavanderiaplaza.com\/web\/wp-content\/uploads\/2011\/04\/PlanoLavander\u00eda.png\"><img loading=\"lazy\" decoding=\"async\" class=\"alignnone size-full wp-image-15\" title=\"PlanoLavander\u00eda\" src=\"http:\/\/lavanderiaplaza.com\/web\/wp-content\/uploads\/2011\/04\/PlanoLavander\u00eda.png\" alt=\"Plano Lavander\u00eda\" width=\"960\" height=\"720\" srcset=\"http:\/\/lavanderiaplaza.com\/web\/wp-content\/uploads\/2011\/04\/PlanoLavander\u00eda.png 960w, http:\/\/lavanderiaplaza.com\/web\/wp-content\/uploads\/2011\/04\/PlanoLavander\u00eda-300x225.png 300w\" sizes=\"auto, (max-width: 960px) 100vw, 960px\" \/><\/a><\/p>\n<p>&nbsp;<\/p>\n","protected":false},"excerpt":{"rendered":"<p>LAVANDER\u00cdA PLAZA ALMER\u00cdA tiene sus instalaciones en el Pol\u00edgono Industrial San Rafael, en el municipio de Hu\u00e9rcal de Almer\u00eda (provincia de Almer\u00eda), junto a la Hermandad Farmac\u00e9utica. &nbsp;<\/p>\n","protected":false},"author":1,"featured_media":0,"parent":0,"menu_order":2,"comment_status":"closed","ping_status":"closed","template":"","meta":{"footnotes":""},"class_list":["post-7","page","type-page","status-publish","hentry"],"_links":{"self":[{"href":"http:\/\/lavanderiaplaza.com\/web\/index.php?rest_route=\/wp\/v2\/pages\/7","targetHints":{"allow":["GET"]}}],"collection":[{"href":"http:\/\/lavanderiaplaza.com\/web\/index.php?rest_route=\/wp\/v2\/pages"}],"about":[{"href":"http:\/\/lavanderiaplaza.com\/web\/index.php?rest_route=\/wp\/v2\/types\/page"}],"author":[{"embeddable":true,"href":"http:\/\/lavanderiaplaza.com\/web\/index.php?rest_route=\/wp\/v2\/users\/1"}],"replies":[{"embeddable":true,"href":"http:\/\/lavanderiaplaza.com\/web\/index.php?rest_route=%2Fwp%2Fv2%2Fcomments&post=7"}],"version-history":[{"count":8,"href":"http:\/\/lavanderiaplaza.com\/web\/index.php?rest_route=\/wp\/v2\/pages\/7\/revisions"}],"predecessor-version":[{"id":23,"href":"http:\/\/lavanderiaplaza.com\/web\/index.php?rest_route=\/wp\/v2\/pages\/7\/revisions\/23"}],"wp:attachment":[{"href":"http:\/\/lavanderiaplaza.com\/web\/index.php?rest_route=%2Fwp%2Fv2%2Fmedia&parent=7"}],"curies":[{"name":"wp","href":"https:\/\/api.w.org\/{rel}","templated":true}]}}